{"id":2551,"date":"2021-05-01T10:01:10","date_gmt":"2021-05-01T13:01:10","guid":{"rendered":"https:\/\/miraypedi.ar\/butionline\/?page_id=2551"},"modified":"2021-05-27T20:08:37","modified_gmt":"2021-05-27T23:08:37","slug":"politica-de-cambio","status":"publish","type":"page","link":"https:\/\/miraypedi.ar\/butionline\/politica-de-cambio\/","title":{"rendered":"Pol\u00edtica de Cambio"},"content":{"rendered":"\n<p><strong>\u00bfC\u00f3mo puedo hacer un cambio?<\/strong><\/p>\n\n\n\n<p>*Los productos adquiridos a trav\u00e9s de nuestra tienda virtual&nbsp;tienen cambio dentro de los&nbsp;15&nbsp;d\u00edas de realizada la compra.<\/p>\n\n\n\n<p>*Pod\u00e9s realizar los cambios en nuestro local, ( Av de Mayo 429.- Pergamino ).<\/p>\n\n\n\n<p>*Tambi\u00e9n podes realizar el cambio por correo,\u00a0 para los siguientes el costo de recolecci\u00f3n y envi\u00f3 corre por parte del cliente.<\/p>\n\n\n\n<p>*Las prendas deber\u00e1n estar en perfecto estado y con sus respectivas etiquetas.<\/p>\n\n\n\n<p>*No se realizan devoluciones ni reintegros de la compra. En tal caso relizamos una nota de credito respetando el monto de la compra.<\/p>\n","protected":false},"excerpt":{"rendered":"<p>\u00bfC\u00f3mo puedo hacer un cambio? *Los productos adquiridos a trav\u00e9s de nuestra tienda virtual&nbsp;tienen cambio dentro de los&nbsp;15&nbsp;d\u00edas de realizada la compra. *Pod\u00e9s realizar los cambios en nuestro local, ( Av de Mayo 429.- Pergamino ). *Tambi\u00e9n podes realizar el cambio por correo,\u00a0 para los siguientes el costo de recolecci\u00f3n y envi\u00f3 corre por parte &hellip;<\/p>\n<p class=\"read-more\"> <a class=\" thunk-readmore button \" href=\"https:\/\/miraypedi.ar\/butionline\/politica-de-cambio\/\"> <span class=\"screen-reader-text\">Pol\u00edtica de Cambio<\/span>Leer m\u00e1s<\/a><\/p>\n","protected":false},"author":2,"featured_media":0,"parent":0,"menu_order":0,"comment_status":"closed","ping_status":"closed","template":"","meta":[],"_links":{"self":[{"href":"https:\/\/miraypedi.ar\/butionline\/wp-json\/wp\/v2\/pages\/2551"}],"collection":[{"href":"https:\/\/miraypedi.ar\/butionline\/wp-json\/wp\/v2\/pages"}],"about":[{"href":"https:\/\/miraypedi.ar\/butionline\/wp-json\/wp\/v2\/types\/page"}],"author":[{"embeddable":true,"href":"https:\/\/miraypedi.ar\/butionline\/wp-json\/wp\/v2\/users\/2"}],"replies":[{"embeddable":true,"href":"https:\/\/miraypedi.ar\/butionline\/wp-json\/wp\/v2\/comments?post=2551"}],"version-history":[{"count":0,"href":"https:\/\/miraypedi.ar\/butionline\/wp-json\/wp\/v2\/pages\/2551\/revisions"}],"wp:attachment":[{"href":"https:\/\/miraypedi.ar\/butionline\/wp-json\/wp\/v2\/media?parent=2551"}],"curies":[{"name":"wp","href":"https:\/\/api.w.org\/{rel}","templated":true}]}}