{"id":4410,"date":"2021-05-14T11:19:51","date_gmt":"2021-05-14T14:19:51","guid":{"rendered":"https:\/\/miraypedi.ar\/butionline\/?page_id=4410"},"modified":"2021-05-27T20:06:35","modified_gmt":"2021-05-27T23:06:35","slug":"como-comprar","status":"publish","type":"page","link":"https:\/\/miraypedi.ar\/butionline\/como-comprar\/","title":{"rendered":"\u00bfC\u00f3mo Comprar?"},"content":{"rendered":"\n<ol><li><strong>Elige el producto que deseas comprar.<\/strong><\/li><li><strong>Selecciona lo que queres y\u00a0 agregalo al carrito<\/strong>. Hac\u00e9 click sobre el producto que quer\u00e9s comprar. Seleccion\u00e1 el color, talle. Presion\u00e1 el bot\u00f3n \u00abAgregar al Carrito\u201d. Pod\u00e9s agregar m\u00e1s productos a la compra o clickear en el bot\u00f3n del carrito en el sector superior derecho para finalizar tu compra.<\/li><li><strong>Tu carrito.<\/strong>\u00a0Una vez en el carrito cheque\u00e1 que los productos que est\u00e1n son los que elegiste. Luego FINALIZAR LA COMPRA.<\/li><li><strong>Completa tus datos<\/strong>\u00a0Finalmente deb\u00e9s completar los datos que te vamos solicitando para la facturaci\u00f3n.<\/li><li><strong>Elige el medio de pago.<\/strong> Elegir el medio de pago por el cual vas a abonar tu compra.<\/li><li><strong>Confirmaci\u00f3n de compra<\/strong>\u00a0puedes revisar toda la informaci\u00f3n de la compra. Luego haz clic en REALIZAR PEDIDO<\/li><li>Ah\u00ed ser\u00e1s redirigido a otra pantalla para que completes los datos sobre la forma de pago elegida. Despu\u00e9s de confirmar la compra recibir\u00e1s un correo de nuestra parte.\u00a0LISTO! AHORA SOLO RESTA ESPERAR A QUE LLEGUE TU PEDIDO.<\/li><\/ol>\n","protected":false},"excerpt":{"rendered":"<p>Elige el producto que deseas comprar. Selecciona lo que queres y\u00a0 agregalo al carrito. Hac\u00e9 click sobre el producto que quer\u00e9s comprar. Seleccion\u00e1 el color, talle. Presion\u00e1 el bot\u00f3n \u00abAgregar al Carrito\u201d. Pod\u00e9s agregar m\u00e1s productos a la compra o clickear en el bot\u00f3n del carrito en el sector superior derecho para finalizar tu compra. &hellip;<\/p>\n<p class=\"read-more\"> <a class=\" thunk-readmore button \" href=\"https:\/\/miraypedi.ar\/butionline\/como-comprar\/\"> <span class=\"screen-reader-text\">\u00bfC\u00f3mo Comprar?<\/span>Leer m\u00e1s<\/a><\/p>\n","protected":false},"author":2,"featured_media":0,"parent":0,"menu_order":0,"comment_status":"closed","ping_status":"closed","template":"","meta":[],"_links":{"self":[{"href":"https:\/\/miraypedi.ar\/butionline\/wp-json\/wp\/v2\/pages\/4410"}],"collection":[{"href":"https:\/\/miraypedi.ar\/butionline\/wp-json\/wp\/v2\/pages"}],"about":[{"href":"https:\/\/miraypedi.ar\/butionline\/wp-json\/wp\/v2\/types\/page"}],"author":[{"embeddable":true,"href":"https:\/\/miraypedi.ar\/butionline\/wp-json\/wp\/v2\/users\/2"}],"replies":[{"embeddable":true,"href":"https:\/\/miraypedi.ar\/butionline\/wp-json\/wp\/v2\/comments?post=4410"}],"version-history":[{"count":0,"href":"https:\/\/miraypedi.ar\/butionline\/wp-json\/wp\/v2\/pages\/4410\/revisions"}],"wp:attachment":[{"href":"https:\/\/miraypedi.ar\/butionline\/wp-json\/wp\/v2\/media?parent=4410"}],"curies":[{"name":"wp","href":"https:\/\/api.w.org\/{rel}","templated":true}]}}