{"id":4412,"date":"2021-05-14T11:52:49","date_gmt":"2021-05-14T14:52:49","guid":{"rendered":"https:\/\/miraypedi.ar\/butionline\/?page_id=4412"},"modified":"2022-08-03T12:51:08","modified_gmt":"2022-08-03T15:51:08","slug":"preguntas-frecuentes","status":"publish","type":"page","link":"https:\/\/miraypedi.ar\/butionline\/preguntas-frecuentes\/","title":{"rendered":"Preguntas Frecuentes"},"content":{"rendered":"\n<h3><strong>\u00bfCOMO HAGO PARA COMPRAR ONLINE?<\/strong><\/h3>\n\n\n\n<ol><li><strong>Elige el producto que deseas comprar.<\/strong><\/li><li><strong>Selecciona lo que queres y agr\u00e9galo al carrito<\/strong>. Hace click sobre el producto que queres comprar. Selecciona color y talle. Presiona el bot\u00f3n Agregar al Carrito<\/li><li><strong>Tu Carrito<\/strong>. Cheque\u00e1 que los productos que est\u00e1n son los que elegiste. Luego FINALIZAR LA COMPRA.<\/li><li><strong>Completa tus datos<\/strong><\/li><li><strong>Elige el medio de pago.<\/strong><\/li><li><strong>Confirmaci\u00f3n de compra<\/strong>. Despu\u00e9s de confirmar la compra recibir\u00e1s un correo de nuestra parte. LISTO! AHORA SOLO RESTA ESPERAR A QUE LLEGUE TU PEDIDO<\/li><\/ol>\n\n\n\n<h3><strong>\u00bfNECESITO ESTAR REGISTRADO PARA COMPRAR?<\/strong><\/h3>\n\n\n\n<p>No hace falta que est\u00e9s registrado, pod\u00e9s comprar de todas formas completando los datos que se solicitan al realizar la compra.<\/p>\n\n\n\n<h3><strong>\u00bfES SEGURO PONER MIS DATOS?<\/strong><\/h3>\n\n\n\n<p>S\u00ed. Tus datos personales y contenido de tu pedido NO ser\u00e1n compartidos ni divulgados bajo ning\u00fan concepto, estos datos no ser\u00e1n utilizados para otros fines m\u00e1s que para el procesamiento de tus pedidos.<\/p>\n\n\n\n<h3><strong>QUIERO CAMBIAR EL TALLE DE LO QUE COMPR\u00c9, \u00bfC\u00d3MO HAGO?<\/strong><\/h3>\n\n\n\n<p>Env\u00edanos un mensaje v\u00eda WhatsApp al 2477 557699 para que podamos ayudarte a modificar lo que elegiste y puedas recibir el producto deseado.<\/p>\n\n\n\n<h3><strong>\u00bfCU\u00c1NTOS D\u00cdAS TENGO PARA CAMBIAR MI PEDIDO?<\/strong><\/h3>\n\n\n\n<p>Una vez recibido el producto, ten\u00e9s 15 d\u00edas para realizar el cambio. El producto debe estar en las mismas condiciones que fue recibido y con la etiqueta puesta.<\/p>\n\n\n\n<h3><strong>\u00bfQUE FORMAS DE PAGO PUEDO APROVECHAR PARA REALIZAR MI COMPRA?<\/strong><\/h3>\n\n\n\n<p>Disponemos de los siguientes medios de pago:<\/p>\n\n\n\n<figure class=\"wp-block-image size-large\"><img loading=\"lazy\" width=\"471\" height=\"175\" src=\"https:\/\/miraypedi.ar\/butionline\/wp-content\/uploads\/2021\/05\/medios-de-pago-matelec.png\" alt=\"\" class=\"wp-image-4418\" srcset=\"https:\/\/miraypedi.ar\/butionline\/wp-content\/uploads\/2021\/05\/medios-de-pago-matelec.png 471w, https:\/\/miraypedi.ar\/butionline\/wp-content\/uploads\/2021\/05\/medios-de-pago-matelec-300x111.png 300w\" sizes=\"(max-width: 471px) 100vw, 471px\" \/><\/figure>\n","protected":false},"excerpt":{"rendered":"<p>\u00bfCOMO HAGO PARA COMPRAR ONLINE? Elige el producto que deseas comprar. Selecciona lo que queres y agr\u00e9galo al carrito. Hace click sobre el producto que queres comprar. Selecciona color y talle. Presiona el bot\u00f3n Agregar al Carrito Tu Carrito. Cheque\u00e1 que los productos que est\u00e1n son los que elegiste. Luego FINALIZAR LA COMPRA. Completa tus &hellip;<\/p>\n<p class=\"read-more\"> <a class=\" thunk-readmore button \" href=\"https:\/\/miraypedi.ar\/butionline\/preguntas-frecuentes\/\"> <span class=\"screen-reader-text\">Preguntas Frecuentes<\/span>Leer m\u00e1s<\/a><\/p>\n","protected":false},"author":2,"featured_media":0,"parent":0,"menu_order":0,"comment_status":"closed","ping_status":"closed","template":"","meta":[],"_links":{"self":[{"href":"https:\/\/miraypedi.ar\/butionline\/wp-json\/wp\/v2\/pages\/4412"}],"collection":[{"href":"https:\/\/miraypedi.ar\/butionline\/wp-json\/wp\/v2\/pages"}],"about":[{"href":"https:\/\/miraypedi.ar\/butionline\/wp-json\/wp\/v2\/types\/page"}],"author":[{"embeddable":true,"href":"https:\/\/miraypedi.ar\/butionline\/wp-json\/wp\/v2\/users\/2"}],"replies":[{"embeddable":true,"href":"https:\/\/miraypedi.ar\/butionline\/wp-json\/wp\/v2\/comments?post=4412"}],"version-history":[{"count":0,"href":"https:\/\/miraypedi.ar\/butionline\/wp-json\/wp\/v2\/pages\/4412\/revisions"}],"wp:attachment":[{"href":"https:\/\/miraypedi.ar\/butionline\/wp-json\/wp\/v2\/media?parent=4412"}],"curies":[{"name":"wp","href":"https:\/\/api.w.org\/{rel}","templated":true}]}}