{"id":4764,"date":"2021-06-10T21:21:06","date_gmt":"2021-06-11T00:21:06","guid":{"rendered":"https:\/\/miraypedi.ar\/butionline\/?page_id=4764"},"modified":"2023-08-14T19:37:41","modified_gmt":"2023-08-14T22:37:41","slug":"medios-de-pagos","status":"publish","type":"page","link":"https:\/\/miraypedi.ar\/butionline\/medios-de-pagos\/","title":{"rendered":"Medios de Pagos"},"content":{"rendered":"\n<p>\u00a1Tarjetas de cr\u00e9dito en cuotas!<\/p>\n\n\n\n<p>Acreditaci\u00f3n instant\u00e1nea. 3 CUOTAS!!!<\/p>\n\n\n\n<figure class=\"wp-block-image size-large\"><img loading=\"lazy\" width=\"353\" height=\"169\" src=\"https:\/\/miraypedi.ar\/butionline\/wp-content\/uploads\/2022\/08\/asda-negro.jpg\" alt=\"\" class=\"wp-image-5843\" srcset=\"https:\/\/miraypedi.ar\/butionline\/wp-content\/uploads\/2022\/08\/asda-negro.jpg 353w, https:\/\/miraypedi.ar\/butionline\/wp-content\/uploads\/2022\/08\/asda-negro-300x144.jpg 300w, https:\/\/miraypedi.ar\/butionline\/wp-content\/uploads\/2022\/08\/asda-negro-64x31.jpg 64w\" sizes=\"(max-width: 353px) 100vw, 353px\" \/><\/figure>\n\n\n\n<p>3 CUOTAS sin inter\u00e9s!!!<\/p>\n\n\n\n<figure class=\"wp-block-image size-large is-resized\"><img loading=\"lazy\" src=\"https:\/\/miraypedi.ar\/butionline\/wp-content\/uploads\/2022\/08\/visa-mastercard-1024x537-negro.png\" alt=\"\" class=\"wp-image-5845\" width=\"161\" height=\"86\" srcset=\"https:\/\/miraypedi.ar\/butionline\/wp-content\/uploads\/2022\/08\/visa-mastercard-1024x537-negro.png 1011w, https:\/\/miraypedi.ar\/butionline\/wp-content\/uploads\/2022\/08\/visa-mastercard-1024x537-negro-300x159.png 300w, https:\/\/miraypedi.ar\/butionline\/wp-content\/uploads\/2022\/08\/visa-mastercard-1024x537-negro-768x408.png 768w, https:\/\/miraypedi.ar\/butionline\/wp-content\/uploads\/2022\/08\/visa-mastercard-1024x537-negro-600x319.png 600w, https:\/\/miraypedi.ar\/butionline\/wp-content\/uploads\/2022\/08\/visa-mastercard-1024x537-negro-64x34.png 64w\" sizes=\"(max-width: 161px) 100vw, 161px\" \/><\/figure>\n\n\n\n<p><\/p>\n","protected":false},"excerpt":{"rendered":"<p>\u00a1Tarjetas de cr\u00e9dito en cuotas! Acreditaci\u00f3n instant\u00e1nea. 3 CUOTAS!!! 3 CUOTAS sin inter\u00e9s!!!<\/p>\n","protected":false},"author":2,"featured_media":0,"parent":0,"menu_order":0,"comment_status":"closed","ping_status":"closed","template":"","meta":[],"_links":{"self":[{"href":"https:\/\/miraypedi.ar\/butionline\/wp-json\/wp\/v2\/pages\/4764"}],"collection":[{"href":"https:\/\/miraypedi.ar\/butionline\/wp-json\/wp\/v2\/pages"}],"about":[{"href":"https:\/\/miraypedi.ar\/butionline\/wp-json\/wp\/v2\/types\/page"}],"author":[{"embeddable":true,"href":"https:\/\/miraypedi.ar\/butionline\/wp-json\/wp\/v2\/users\/2"}],"replies":[{"embeddable":true,"href":"https:\/\/miraypedi.ar\/butionline\/wp-json\/wp\/v2\/comments?post=4764"}],"version-history":[{"count":0,"href":"https:\/\/miraypedi.ar\/butionline\/wp-json\/wp\/v2\/pages\/4764\/revisions"}],"wp:attachment":[{"href":"https:\/\/miraypedi.ar\/butionline\/wp-json\/wp\/v2\/media?parent=4764"}],"curies":[{"name":"wp","href":"https:\/\/api.w.org\/{rel}","templated":true}]}}