{"id":9761,"date":"2025-05-08T11:00:23","date_gmt":"2025-05-08T14:00:23","guid":{"rendered":"https:\/\/miraypedi.ar\/butionline\/?post_type=product&#038;p=9761"},"modified":"2025-05-08T11:00:23","modified_gmt":"2025-05-08T14:00:23","slug":"chaqueta-leather","status":"publish","type":"product","link":"https:\/\/miraypedi.ar\/butionline\/producto\/chaqueta-leather\/","title":{"rendered":"Chaqueta leather"},"content":{"rendered":"<p>Confeccionada en s\u00edmil cuero premium PU de alta calidad. Cuello mao con broche met\u00e1lico grabado BOND STWR, apertura con cierre met\u00e1lico, tiracierre grabado BOND. El delantero cuenta con 4 bolsillos ojal con cierre, tiracierres grabados BOND.<br \/>\nUn \u00edtem cl\u00e1sico y atemporal para quienes buscan una pieza duradera con personalidad propia<\/p>\n","protected":false},"excerpt":{"rendered":"<p>Confeccionada en s\u00edmil cuero premium PU de alta calidad. Cuello mao con broche met\u00e1lico grabado BOND STWR, apertura con cierre met\u00e1lico, tiracierre grabado BOND. El delantero cuenta con 4 bolsillos ojal con cierre, tiracierres grabados BOND. Un \u00edtem cl\u00e1sico y atemporal para quienes buscan una pieza duradera con personalidad propia<\/p>\n","protected":false},"featured_media":9766,"template":"","meta":[],"_links":{"self":[{"href":"https:\/\/miraypedi.ar\/butionline\/wp-json\/wp\/v2\/product\/9761"}],"collection":[{"href":"https:\/\/miraypedi.ar\/butionline\/wp-json\/wp\/v2\/product"}],"about":[{"href":"https:\/\/miraypedi.ar\/butionline\/wp-json\/wp\/v2\/types\/product"}],"wp:featuredmedia":[{"embeddable":true,"href":"https:\/\/miraypedi.ar\/butionline\/wp-json\/wp\/v2\/media\/9766"}],"wp:attachment":[{"href":"https:\/\/miraypedi.ar\/butionline\/wp-json\/wp\/v2\/media?parent=9761"}],"curies":[{"name":"wp","href":"https:\/\/api.w.org\/{rel}","templated":true}]}}