{"id":9806,"date":"2025-05-08T12:08:55","date_gmt":"2025-05-08T15:08:55","guid":{"rendered":"https:\/\/miraypedi.ar\/butionline\/?post_type=product&#038;p=9806"},"modified":"2025-05-08T12:08:55","modified_gmt":"2025-05-08T15:08:55","slug":"bomber-snoop-cuero","status":"publish","type":"product","link":"https:\/\/miraypedi.ar\/butionline\/producto\/bomber-snoop-cuero\/","title":{"rendered":"Bomber snoop cuero"},"content":{"rendered":"<p>Simil cuero premium PU de alta calidad. Cuello, pu\u00f1os y cintura de ribb en tela base. Tiene bolsillos ojal en delantero con broche met\u00e1lico grabado BOND STWR, bolsillo con fuelle y cierre en manga derecha y aplique de tela base en lateral delantero con av\u00edo met\u00e1lico FIRMA BOND. Apertura con cierre, tiracierre grabado BOND y solapa inferior con broche met\u00e1lico grabado BOND.<\/p>\n","protected":false},"excerpt":{"rendered":"<p>Simil cuero premium PU de alta calidad. Cuello, pu\u00f1os y cintura de ribb en tela base. Tiene bolsillos ojal en delantero con broche met\u00e1lico grabado BOND STWR, bolsillo con fuelle y cierre en manga derecha y aplique de tela base en lateral delantero con av\u00edo met\u00e1lico FIRMA BOND. Apertura con cierre, tiracierre grabado BOND y &hellip;<\/p>\n<p class=\"read-more\"> <a class=\" thunk-readmore button \" href=\"https:\/\/miraypedi.ar\/butionline\/producto\/bomber-snoop-cuero\/\"> <span class=\"screen-reader-text\">Bomber snoop cuero<\/span>Leer m\u00e1s<\/a><\/p>\n","protected":false},"featured_media":9807,"template":"","meta":[],"_links":{"self":[{"href":"https:\/\/miraypedi.ar\/butionline\/wp-json\/wp\/v2\/product\/9806"}],"collection":[{"href":"https:\/\/miraypedi.ar\/butionline\/wp-json\/wp\/v2\/product"}],"about":[{"href":"https:\/\/miraypedi.ar\/butionline\/wp-json\/wp\/v2\/types\/product"}],"wp:featuredmedia":[{"embeddable":true,"href":"https:\/\/miraypedi.ar\/butionline\/wp-json\/wp\/v2\/media\/9807"}],"wp:attachment":[{"href":"https:\/\/miraypedi.ar\/butionline\/wp-json\/wp\/v2\/media?parent=9806"}],"curies":[{"name":"wp","href":"https:\/\/api.w.org\/{rel}","templated":true}]}}