{"id":9829,"date":"2025-05-08T12:31:45","date_gmt":"2025-05-08T15:31:45","guid":{"rendered":"https:\/\/miraypedi.ar\/butionline\/?post_type=product&#038;p=9829"},"modified":"2025-05-08T12:31:45","modified_gmt":"2025-05-08T15:31:45","slug":"camperon-owens","status":"publish","type":"product","link":"https:\/\/miraypedi.ar\/butionline\/producto\/camperon-owens\/","title":{"rendered":"Camperon owens"},"content":{"rendered":"<p>Inflable. Cuenta con cuello alto, pu\u00f1os de ribb de alta calidad, cierre frontal con doble tiracierre grabado BOND STWR, complementado con broches grabados BOND STWR en la parte superior de la solapa. Bolsillos con tapa y broches ocultos. Capucha desmontable con broches, permitiendo retirarla f\u00e1cilmente o abrocharla para mayor protecci\u00f3n contra el fr\u00edo y el viento, manteniendo el estilo y la funcionalidad de la prenda. Bordado institucional en altorelieve en la espalda, etiquetas bordadas en capucha y bolsillo delantero, a\u00f1adiendo textura y personalidad al dise\u00f1o. Forreria interna estampada con logo institucional BOND STWR.<\/p>\n","protected":false},"excerpt":{"rendered":"<p>Inflable. Cuenta con cuello alto, pu\u00f1os de ribb de alta calidad, cierre frontal con doble tiracierre grabado BOND STWR, complementado con broches grabados BOND STWR en la parte superior de la solapa. Bolsillos con tapa y broches ocultos. Capucha desmontable con broches, permitiendo retirarla f\u00e1cilmente o abrocharla para mayor protecci\u00f3n contra el fr\u00edo y el &hellip;<\/p>\n<p class=\"read-more\"> <a class=\" thunk-readmore button \" href=\"https:\/\/miraypedi.ar\/butionline\/producto\/camperon-owens\/\"> <span class=\"screen-reader-text\">Camperon owens<\/span>Leer m\u00e1s<\/a><\/p>\n","protected":false},"featured_media":9834,"template":"","meta":[],"_links":{"self":[{"href":"https:\/\/miraypedi.ar\/butionline\/wp-json\/wp\/v2\/product\/9829"}],"collection":[{"href":"https:\/\/miraypedi.ar\/butionline\/wp-json\/wp\/v2\/product"}],"about":[{"href":"https:\/\/miraypedi.ar\/butionline\/wp-json\/wp\/v2\/types\/product"}],"wp:featuredmedia":[{"embeddable":true,"href":"https:\/\/miraypedi.ar\/butionline\/wp-json\/wp\/v2\/media\/9834"}],"wp:attachment":[{"href":"https:\/\/miraypedi.ar\/butionline\/wp-json\/wp\/v2\/media?parent=9829"}],"curies":[{"name":"wp","href":"https:\/\/api.w.org\/{rel}","templated":true}]}}